{"id":405,"date":"2023-01-14T21:15:42","date_gmt":"2023-01-14T21:15:42","guid":{"rendered":"http:\/\/www.ruralis.org\/?page_id=405"},"modified":"2024-12-16T16:05:08","modified_gmt":"2024-12-16T16:05:08","slug":"parceiros","status":"publish","type":"page","link":"http:\/\/www.ruralis.org\/en\/parceiros\/","title":{"rendered":"Parceiros &#038; Patrocinadores"},"content":{"rendered":"<p>\u00c9 em colabora\u00e7\u00e3o com essas pessoas, empresas e organiza\u00e7\u00f5es que realizamos nossas atividades: <\/p>\n\n\n\n<p><\/p>\n\n\n\n<div class=\"wp-block-columns is-layout-flex wp-container-core-columns-is-layout-9d6595d7 wp-block-columns-is-layout-flex\">\n<div class=\"wp-block-column is-layout-flow wp-block-column-is-layout-flow\">\n<figure class=\"wp-block-image size-full is-resized\"><a href=\"https:\/\/termasdealcafache.pt\/\" target=\"_blank\" rel=\"noreferrer noopener\"><img loading=\"lazy\" decoding=\"async\" width=\"1910\" height=\"1784\" src=\"http:\/\/www.ruralis.org\/wp-content\/uploads\/2023\/05\/logotipo-alcafache-azul-1.png\" alt=\"\" class=\"wp-image-670\" style=\"width:167px;height:auto\" srcset=\"http:\/\/www.ruralis.org\/wp-content\/uploads\/2023\/05\/logotipo-alcafache-azul-1.png 1910w, http:\/\/www.ruralis.org\/wp-content\/uploads\/2023\/05\/logotipo-alcafache-azul-1-300x280.png 300w, http:\/\/www.ruralis.org\/wp-content\/uploads\/2023\/05\/logotipo-alcafache-azul-1-1024x956.png 1024w, http:\/\/www.ruralis.org\/wp-content\/uploads\/2023\/05\/logotipo-alcafache-azul-1-768x717.png 768w, http:\/\/www.ruralis.org\/wp-content\/uploads\/2023\/05\/logotipo-alcafache-azul-1-1536x1435.png 1536w, http:\/\/www.ruralis.org\/wp-content\/uploads\/2023\/05\/logotipo-alcafache-azul-1-13x12.png 13w\" sizes=\"auto, (max-width: 1910px) 100vw, 1910px\" \/><\/a><\/figure>\n<\/div>\n\n\n\n<div class=\"wp-block-column is-layout-flow wp-block-column-is-layout-flow\">\n<figure class=\"wp-block-image size-large\"><a href=\"https:\/\/ruralmove.org\/\" target=\"_blank\" rel=\"noreferrer noopener\"><img loading=\"lazy\" decoding=\"async\" width=\"1024\" height=\"150\" src=\"http:\/\/www.ruralis.org\/wp-content\/uploads\/2023\/05\/RuralMove-1024x150.png\" alt=\"\" class=\"wp-image-698\" srcset=\"http:\/\/www.ruralis.org\/wp-content\/uploads\/2023\/05\/RuralMove-1024x150.png 1024w, http:\/\/www.ruralis.org\/wp-content\/uploads\/2023\/05\/RuralMove-300x44.png 300w, http:\/\/www.ruralis.org\/wp-content\/uploads\/2023\/05\/RuralMove-768x112.png 768w, http:\/\/www.ruralis.org\/wp-content\/uploads\/2023\/05\/RuralMove-1536x225.png 1536w, http:\/\/www.ruralis.org\/wp-content\/uploads\/2023\/05\/RuralMove-18x3.png 18w, http:\/\/www.ruralis.org\/wp-content\/uploads\/2023\/05\/RuralMove.png 1854w\" sizes=\"auto, (max-width: 1024px) 100vw, 1024px\" \/><\/a><\/figure>\n<\/div>\n\n\n\n<div class=\"wp-block-column is-layout-flow wp-block-column-is-layout-flow\">\n<figure class=\"wp-block-image size-full\"><a href=\"https:\/\/www.cmmangualde.pt\/\" target=\"_blank\" rel=\"noreferrer noopener\"><img loading=\"lazy\" decoding=\"async\" width=\"220\" height=\"167\" src=\"http:\/\/www.ruralis.org\/wp-content\/uploads\/2023\/04\/logoCMMangualde.png\" alt=\"\" class=\"wp-image-571\" srcset=\"http:\/\/www.ruralis.org\/wp-content\/uploads\/2023\/04\/logoCMMangualde.png 220w, http:\/\/www.ruralis.org\/wp-content\/uploads\/2023\/04\/logoCMMangualde-16x12.png 16w\" sizes=\"auto, (max-width: 220px) 100vw, 220px\" \/><\/a><\/figure>\n<\/div>\n<\/div>\n\n\n\n<div class=\"wp-block-columns is-layout-flex wp-container-core-columns-is-layout-9d6595d7 wp-block-columns-is-layout-flex\">\n<div class=\"wp-block-column is-layout-flow wp-block-column-is-layout-flow\">\n<figure class=\"wp-block-image size-full\"><img loading=\"lazy\" decoding=\"async\" width=\"1024\" height=\"502\" src=\"http:\/\/www.ruralis.org\/wp-content\/uploads\/2024\/12\/Casa-dAbobora.png\" alt=\"\" class=\"wp-image-1079\" srcset=\"http:\/\/www.ruralis.org\/wp-content\/uploads\/2024\/12\/Casa-dAbobora.png 1024w, http:\/\/www.ruralis.org\/wp-content\/uploads\/2024\/12\/Casa-dAbobora-300x147.png 300w, http:\/\/www.ruralis.org\/wp-content\/uploads\/2024\/12\/Casa-dAbobora-768x377.png 768w, http:\/\/www.ruralis.org\/wp-content\/uploads\/2024\/12\/Casa-dAbobora-18x9.png 18w\" sizes=\"auto, (max-width: 1024px) 100vw, 1024px\" \/><\/figure>\n<\/div>\n\n\n\n<div class=\"wp-block-column is-layout-flow wp-block-column-is-layout-flow\"><div class=\"wp-block-image\">\n<figure class=\"aligncenter size-full is-resized\"><a href=\"https:\/\/www.amorluso.pt\/\" target=\"_blank\" rel=\"noreferrer noopener\"><img loading=\"lazy\" decoding=\"async\" width=\"114\" height=\"114\" src=\"http:\/\/www.ruralis.org\/wp-content\/uploads\/2023\/06\/AmorLuso.png\" alt=\"\" class=\"wp-image-763\" style=\"width:160px;height:auto\" srcset=\"http:\/\/www.ruralis.org\/wp-content\/uploads\/2023\/06\/AmorLuso.png 114w, http:\/\/www.ruralis.org\/wp-content\/uploads\/2023\/06\/AmorLuso-12x12.png 12w\" sizes=\"auto, (max-width: 114px) 100vw, 114px\" \/><\/a><\/figure>\n<\/div><\/div>\n\n\n\n<div class=\"wp-block-column is-layout-flow wp-block-column-is-layout-flow\"><div class=\"wp-block-image\">\n<figure class=\"aligncenter size-full is-resized\"><a href=\"https:\/\/www.facebook.com\/CCSDTibaldinho\/\" target=\"_blank\" rel=\"noreferrer noopener\"><img loading=\"lazy\" decoding=\"async\" width=\"960\" height=\"960\" src=\"http:\/\/www.ruralis.org\/wp-content\/uploads\/2023\/05\/ccsdTib.jpeg\" alt=\"\" class=\"wp-image-699\" style=\"width:178px;height:auto\" srcset=\"http:\/\/www.ruralis.org\/wp-content\/uploads\/2023\/05\/ccsdTib.jpeg 960w, http:\/\/www.ruralis.org\/wp-content\/uploads\/2023\/05\/ccsdTib-300x300.jpeg 300w, http:\/\/www.ruralis.org\/wp-content\/uploads\/2023\/05\/ccsdTib-150x150.jpeg 150w, http:\/\/www.ruralis.org\/wp-content\/uploads\/2023\/05\/ccsdTib-768x768.jpeg 768w, http:\/\/www.ruralis.org\/wp-content\/uploads\/2023\/05\/ccsdTib-12x12.jpeg 12w\" sizes=\"auto, (max-width: 960px) 100vw, 960px\" \/><\/a><\/figure>\n<\/div><\/div>\n<\/div>\n\n\n\n<div class=\"wp-block-columns is-layout-flex wp-container-core-columns-is-layout-9d6595d7 wp-block-columns-is-layout-flex\">\n<div class=\"wp-block-column is-layout-flow wp-block-column-is-layout-flow\">\n<figure class=\"wp-block-image size-full\"><a href=\"https:\/\/www.facebook.com\/projetoorigensviseu\" target=\"_blank\" rel=\"noreferrer noopener\"><img loading=\"lazy\" decoding=\"async\" width=\"1004\" height=\"371\" src=\"http:\/\/www.ruralis.org\/wp-content\/uploads\/2023\/01\/imagem-capa_origens.jpeg\" alt=\"\" class=\"wp-image-419\" srcset=\"http:\/\/www.ruralis.org\/wp-content\/uploads\/2023\/01\/imagem-capa_origens.jpeg 1004w, http:\/\/www.ruralis.org\/wp-content\/uploads\/2023\/01\/imagem-capa_origens-300x111.jpeg 300w, http:\/\/www.ruralis.org\/wp-content\/uploads\/2023\/01\/imagem-capa_origens-768x284.jpeg 768w, http:\/\/www.ruralis.org\/wp-content\/uploads\/2023\/01\/imagem-capa_origens-16x6.jpeg 16w\" sizes=\"auto, (max-width: 1004px) 100vw, 1004px\" \/><\/a><\/figure>\n<\/div>\n\n\n\n<div class=\"wp-block-column is-layout-flow wp-block-column-is-layout-flow\"><div class=\"wp-block-image\">\n<figure class=\"aligncenter size-full is-resized\"><img loading=\"lazy\" decoding=\"async\" width=\"359\" height=\"556\" src=\"http:\/\/www.ruralis.org\/wp-content\/uploads\/2023\/04\/viseulogo.png\" alt=\"\" class=\"wp-image-585\" style=\"width:160px;height:auto\" srcset=\"http:\/\/www.ruralis.org\/wp-content\/uploads\/2023\/04\/viseulogo.png 359w, http:\/\/www.ruralis.org\/wp-content\/uploads\/2023\/04\/viseulogo-194x300.png 194w, http:\/\/www.ruralis.org\/wp-content\/uploads\/2023\/04\/viseulogo-8x12.png 8w\" sizes=\"auto, (max-width: 359px) 100vw, 359px\" \/><\/figure>\n<\/div><\/div>\n\n\n\n<div class=\"wp-block-column is-layout-flow wp-block-column-is-layout-flow\">\n<figure class=\"wp-block-image size-full\"><a href=\"https:\/\/esav.ipv.pt\/\" target=\"_blank\" rel=\"noreferrer noopener\"><img loading=\"lazy\" decoding=\"async\" width=\"312\" height=\"150\" src=\"http:\/\/www.ruralis.org\/wp-content\/uploads\/2023\/04\/ESAVLogotipo.png\" alt=\"\" class=\"wp-image-572\" srcset=\"http:\/\/www.ruralis.org\/wp-content\/uploads\/2023\/04\/ESAVLogotipo.png 312w, http:\/\/www.ruralis.org\/wp-content\/uploads\/2023\/04\/ESAVLogotipo-300x144.png 300w, http:\/\/www.ruralis.org\/wp-content\/uploads\/2023\/04\/ESAVLogotipo-18x9.png 18w\" sizes=\"auto, (max-width: 312px) 100vw, 312px\" \/><\/a><\/figure>\n<\/div>\n<\/div>\n\n\n\n<div class=\"wp-block-columns is-layout-flex wp-container-core-columns-is-layout-9d6595d7 wp-block-columns-is-layout-flex\">\n<div class=\"wp-block-column is-layout-flow wp-block-column-is-layout-flow\">\n<figure class=\"wp-block-image size-full\"><a href=\"https:\/\/www.quintadarminho.pt\/\" target=\"_blank\" rel=\"noopener\"><img loading=\"lazy\" decoding=\"async\" width=\"842\" height=\"271\" src=\"http:\/\/www.ruralis.org\/wp-content\/uploads\/2022\/03\/logo-quinta-arminho-avatar-01.png\" alt=\"\" class=\"wp-image-316\" srcset=\"http:\/\/www.ruralis.org\/wp-content\/uploads\/2022\/03\/logo-quinta-arminho-avatar-01.png 842w, http:\/\/www.ruralis.org\/wp-content\/uploads\/2022\/03\/logo-quinta-arminho-avatar-01-300x97.png 300w, http:\/\/www.ruralis.org\/wp-content\/uploads\/2022\/03\/logo-quinta-arminho-avatar-01-768x247.png 768w, http:\/\/www.ruralis.org\/wp-content\/uploads\/2022\/03\/logo-quinta-arminho-avatar-01-16x5.png 16w\" sizes=\"auto, (max-width: 842px) 100vw, 842px\" \/><\/a><\/figure>\n<\/div>\n\n\n\n<div class=\"wp-block-column is-layout-flow wp-block-column-is-layout-flow\">\n<figure class=\"wp-block-image size-full\"><a href=\"https:\/\/www.casadaspalmeiras.pt\/\" target=\"_blank\" rel=\"noreferrer noopener\"><img loading=\"lazy\" decoding=\"async\" width=\"195\" height=\"195\" src=\"http:\/\/www.ruralis.org\/wp-content\/uploads\/2022\/03\/Palmeiras.jpg\" alt=\"\" class=\"wp-image-320\" srcset=\"http:\/\/www.ruralis.org\/wp-content\/uploads\/2022\/03\/Palmeiras.jpg 195w, http:\/\/www.ruralis.org\/wp-content\/uploads\/2022\/03\/Palmeiras-150x150.jpg 150w, http:\/\/www.ruralis.org\/wp-content\/uploads\/2022\/03\/Palmeiras-12x12.jpg 12w\" sizes=\"auto, (max-width: 195px) 100vw, 195px\" \/><\/a><\/figure>\n<\/div>\n\n\n\n<div class=\"wp-block-column is-layout-flow wp-block-column-is-layout-flow\">\n<figure class=\"wp-block-image size-full\"><a href=\"https:\/\/www.superuse-studios.com\/\" target=\"_blank\" rel=\"noreferrer noopener\"><img loading=\"lazy\" decoding=\"async\" width=\"343\" height=\"42\" src=\"http:\/\/www.ruralis.org\/wp-content\/uploads\/2022\/03\/Logo-superuse.png\" alt=\"\" class=\"wp-image-317\" srcset=\"http:\/\/www.ruralis.org\/wp-content\/uploads\/2022\/03\/Logo-superuse.png 343w, http:\/\/www.ruralis.org\/wp-content\/uploads\/2022\/03\/Logo-superuse-300x37.png 300w, http:\/\/www.ruralis.org\/wp-content\/uploads\/2022\/03\/Logo-superuse-16x2.png 16w\" sizes=\"auto, (max-width: 343px) 100vw, 343px\" \/><\/a><\/figure>\n<\/div>\n<\/div>\n\n\n\n<div class=\"wp-block-columns is-layout-flex wp-container-core-columns-is-layout-9d6595d7 wp-block-columns-is-layout-flex\">\n<div class=\"wp-block-column is-layout-flow wp-block-column-is-layout-flow\">\n<figure class=\"wp-block-image size-large\"><img loading=\"lazy\" decoding=\"async\" width=\"1024\" height=\"724\" src=\"http:\/\/www.ruralis.org\/wp-content\/uploads\/2023\/02\/ccv-logo-2009_SEMI-VERTICAL-1024x724.jpg\" alt=\"\" class=\"wp-image-435\"\/><\/figure>\n<\/div>\n\n\n\n<div class=\"wp-block-column is-layout-flow wp-block-column-is-layout-flow\">\n<figure class=\"wp-block-image size-full\"><img loading=\"lazy\" decoding=\"async\" width=\"367\" height=\"119\" src=\"http:\/\/www.ruralis.org\/wp-content\/uploads\/2023\/02\/SJdeLourosa.png\" alt=\"\" class=\"wp-image-476\" srcset=\"http:\/\/www.ruralis.org\/wp-content\/uploads\/2023\/02\/SJdeLourosa.png 367w, http:\/\/www.ruralis.org\/wp-content\/uploads\/2023\/02\/SJdeLourosa-300x97.png 300w, http:\/\/www.ruralis.org\/wp-content\/uploads\/2023\/02\/SJdeLourosa-18x6.png 18w\" sizes=\"auto, (max-width: 367px) 100vw, 367px\" \/><\/figure>\n<\/div>\n\n\n\n<div class=\"wp-block-column is-layout-flow wp-block-column-is-layout-flow\">\n<figure class=\"wp-block-image size-full\"><a href=\"http:\/\/www.moinhosdodao.org\/\" target=\"_blank\" rel=\"noreferrer noopener\"><img loading=\"lazy\" decoding=\"async\" width=\"520\" height=\"339\" src=\"http:\/\/www.ruralis.org\/wp-content\/uploads\/2023\/03\/LogoCard.jpg\" alt=\"\" class=\"wp-image-480\" srcset=\"http:\/\/www.ruralis.org\/wp-content\/uploads\/2023\/03\/LogoCard.jpg 520w, http:\/\/www.ruralis.org\/wp-content\/uploads\/2023\/03\/LogoCard-300x196.jpg 300w, http:\/\/www.ruralis.org\/wp-content\/uploads\/2023\/03\/LogoCard-18x12.jpg 18w\" sizes=\"auto, (max-width: 520px) 100vw, 520px\" \/><\/a><\/figure>\n<\/div>\n<\/div>\n\n\n\n<div class=\"wp-block-columns is-layout-flex wp-container-core-columns-is-layout-9d6595d7 wp-block-columns-is-layout-flex\">\n<div class=\"wp-block-column is-layout-flow wp-block-column-is-layout-flow\"><\/div>\n\n\n\n<div class=\"wp-block-column is-layout-flow wp-block-column-is-layout-flow\"><\/div>\n\n\n\n<div class=\"wp-block-column is-layout-flow wp-block-column-is-layout-flow\"><\/div>\n<\/div>","protected":false},"excerpt":{"rendered":"<p>\u00c9 em colabora\u00e7\u00e3o com essas pessoas, empresas e organiza\u00e7\u00f5es que realizamos nossas atividades:<\/p>","protected":false},"author":2,"featured_media":0,"parent":0,"menu_order":0,"comment_status":"closed","ping_status":"closed","template":"","meta":{"footnotes":""},"class_list":["post-405","page","type-page","status-publish","hentry"],"_links":{"self":[{"href":"http:\/\/www.ruralis.org\/en\/wp-json\/wp\/v2\/pages\/405","targetHints":{"allow":["GET"]}}],"collection":[{"href":"http:\/\/www.ruralis.org\/en\/wp-json\/wp\/v2\/pages"}],"about":[{"href":"http:\/\/www.ruralis.org\/en\/wp-json\/wp\/v2\/types\/page"}],"author":[{"embeddable":true,"href":"http:\/\/www.ruralis.org\/en\/wp-json\/wp\/v2\/users\/2"}],"replies":[{"embeddable":true,"href":"http:\/\/www.ruralis.org\/en\/wp-json\/wp\/v2\/comments?post=405"}],"version-history":[{"count":0,"href":"http:\/\/www.ruralis.org\/en\/wp-json\/wp\/v2\/pages\/405\/revisions"}],"wp:attachment":[{"href":"http:\/\/www.ruralis.org\/en\/wp-json\/wp\/v2\/media?parent=405"}],"curies":[{"name":"wp","href":"https:\/\/api.w.org\/{rel}","templated":true}]}}