{"id":253,"date":"2022-02-10T10:40:29","date_gmt":"2022-02-10T10:40:29","guid":{"rendered":"http:\/\/www.ruralis.org\/?page_id=253"},"modified":"2023-02-14T08:37:53","modified_gmt":"2023-02-14T08:37:53","slug":"iniciativa-micro-reservas","status":"publish","type":"page","link":"http:\/\/www.ruralis.org\/en\/iniciativa-micro-reservas\/","title":{"rendered":"Micro Reserves Initiative"},"content":{"rendered":"<p class=\"has-medium-font-size\"><\/p>\n\n\n\n<p class=\"has-medium-font-size\"><strong>Mission:<\/strong><br>Support private landowners in their efforts to restore and conserve nature.<\/p>\n\n\n\n<p class=\"has-medium-font-size\"><strong>What is a Micro Reserve?<\/strong><br>A small area of land where an effort is made to conserve and restore ecosystems and support biodiversity.<br><br>Most nature conservation and restoration projects involve large areas of protected land and are labeled (for instance) as a National Park or Reserve. For the conservation of species and ecosystems the scale of the protected area is important which is why it is mostly projects that cover large areas that get an official and protected status. <br><br>Besides these official conservation areas there are also many privately or collectively (commons or non-profit) owned small pieces of land where people are doing their best to restore or conserve nature. These efforts might not all be run by ecologists but most of them are based in common sense and some level of ecoliteracy and support local biodiversity. Such is the case at many quintas and privately-owned lands in Portugal and elsewhere in the rural world. At Ruralis we believe that together all these efforts can make a big difference and we want to support this grass roots activity.<\/p>\n\n\n\n<p class=\"has-medium-font-size\">The plans for the Micro Reserve Initiative are:<br>- create a network of Micro Reserves, <br>- develop a Micro Reserve Method, <br>- develop a Tool Kit and a Resources Pool for sharing information and actual resources such as tools and volunteers. <br><br>At Moinhos do D\u00e3o Eco Quinta 2 years ago a <a rel=\"noreferrer noopener\" href=\"http:\/\/www.moinhosdodao.org\/micro-reserve-nature-conservation-and-restoration-4\/\" target=\"_blank\">Micro Reserve Pilot Project<\/a> was started where methods and concepts for small scale restoration and conservation are tested. Other inspiring examples of promoting small scale nature conservation are the project<a rel=\"noreferrer noopener\" href=\"https:\/\/wearetheark.org\/\" target=\"_blank\">We are the ark<\/a>&#8216;, <a rel=\"noreferrer noopener\" href=\"https:\/\/montisacn.com\/\" target=\"_blank\">Montis<\/a> (active here in Portugal) and the large scale approach of <a rel=\"noreferrer noopener\" href=\"https:\/\/rewildingeurope.com\/european-rewilding-network\/\" target=\"_blank\">European Rewilding Network<\/a>.<\/p>\n\n\n\n<p class=\"has-vivid-red-color has-text-color has-background has-medium-font-size\" style=\"background-color:#a7dcfd\"><strong>Join the Micro Reserve Initiative! <\/strong><br>Are your activities and\/or interests related to the concept of the Micro Reserves Initiative? Do not hesitate to contact us. This is a network project that needs to be built with multiple people and projects. <br>Send us an email: info@ruralis.org<\/p>\n\n\n\n<figure class=\"wp-block-image size-large\"><img loading=\"lazy\" decoding=\"async\" width=\"1024\" height=\"1024\" src=\"http:\/\/www.ruralis.org\/wp-content\/uploads\/2023\/02\/IMG_1513-1024x1024.jpg\" alt=\"\" class=\"wp-image-441\" srcset=\"http:\/\/www.ruralis.org\/wp-content\/uploads\/2023\/02\/IMG_1513-1024x1024.jpg 1024w, http:\/\/www.ruralis.org\/wp-content\/uploads\/2023\/02\/IMG_1513-300x300.jpg 300w, http:\/\/www.ruralis.org\/wp-content\/uploads\/2023\/02\/IMG_1513-150x150.jpg 150w, http:\/\/www.ruralis.org\/wp-content\/uploads\/2023\/02\/IMG_1513-768x768.jpg 768w, http:\/\/www.ruralis.org\/wp-content\/uploads\/2023\/02\/IMG_1513-12x12.jpg 12w, http:\/\/www.ruralis.org\/wp-content\/uploads\/2023\/02\/IMG_1513.jpg 1280w\" sizes=\"auto, (max-width: 1024px) 100vw, 1024px\" \/><\/figure>","protected":false},"excerpt":{"rendered":"<p>Miss\u00e3o:Apoiar propriet\u00e1rios de pequenas areas de terra nos seus esfor\u00e7os de restaura\u00e7\u00e3o e conserva\u00e7\u00e3o da natureza. O que \u00e9 uma micro reserva?Uma Micro Reserva \u00e9 uma pequena \u00e1rea (minif\u00fandio ou&hellip;<\/p>","protected":false},"author":2,"featured_media":447,"parent":0,"menu_order":0,"comment_status":"closed","ping_status":"closed","template":"","meta":{"footnotes":""},"class_list":["post-253","page","type-page","status-publish","has-post-thumbnail","hentry"],"_links":{"self":[{"href":"http:\/\/www.ruralis.org\/en\/wp-json\/wp\/v2\/pages\/253","targetHints":{"allow":["GET"]}}],"collection":[{"href":"http:\/\/www.ruralis.org\/en\/wp-json\/wp\/v2\/pages"}],"about":[{"href":"http:\/\/www.ruralis.org\/en\/wp-json\/wp\/v2\/types\/page"}],"author":[{"embeddable":true,"href":"http:\/\/www.ruralis.org\/en\/wp-json\/wp\/v2\/users\/2"}],"replies":[{"embeddable":true,"href":"http:\/\/www.ruralis.org\/en\/wp-json\/wp\/v2\/comments?post=253"}],"version-history":[{"count":0,"href":"http:\/\/www.ruralis.org\/en\/wp-json\/wp\/v2\/pages\/253\/revisions"}],"wp:featuredmedia":[{"embeddable":true,"href":"http:\/\/www.ruralis.org\/en\/wp-json\/wp\/v2\/media\/447"}],"wp:attachment":[{"href":"http:\/\/www.ruralis.org\/en\/wp-json\/wp\/v2\/media?parent=253"}],"curies":[{"name":"wp","href":"https:\/\/api.w.org\/{rel}","templated":true}]}}