{"id":128,"date":"2021-04-27T16:46:55","date_gmt":"2021-04-27T16:46:55","guid":{"rendered":"http:\/\/www.ruralis.org\/?page_id=128"},"modified":"2026-02-05T10:53:34","modified_gmt":"2026-02-05T10:53:34","slug":"membership","status":"publish","type":"page","link":"http:\/\/www.ruralis.org\/en\/membership\/","title":{"rendered":"Members"},"content":{"rendered":"<p class=\"has-black-color has-text-color\">Ruralisar, Rural Association for Regenerative Development is an association that develops and supports projects, in a rural context, that enable an ecological and sustainable way of life from an economic and social point of view. Its objective is to support human activities focused on regenerative processes and on a healthy  relationship between people and nature. <br><strong><br>All those who share this philosophy, are interested in our activities and wish to collaborate and support Ruralisar are welcome! <\/strong><\/p>\n\n\n\n<p>Become a member to support and join Ruralisar. It's easy! You only need to fill in the <a href=\"https:\/\/docs.google.com\/forms\/d\/e\/1FAIpQLScgiT9QbBNI9P8Xy_g9cogUhw2lNLxRhPFcrIwIDeqFl-d5Zg\/viewform?usp=pp_url\" target=\"_blank\" rel=\"noreferrer noopener\">sign-in form<\/a> and make the payment for the annual membership.  <br><br>Annual membership - \u20ac 12<br>(<em>As of the end of the first half of the year, the amount will be calculated on the basis of twelfths, that is, the amount due will correspond to \u20ac1 for each missing month until the end of the year.<\/em>)<\/p>\n\n\n\n<p><strong>Please make your payment per bank transfer:<\/strong><br>Make your payment to: <strong>RuralisAR associa\u00e7\u00e3o<\/strong><br>IBAN: PT50003300004578734136005<br>BIC\/SWIFT: BCOMPTPL<\/p>","protected":false},"excerpt":{"rendered":"<p>A Ruralisar, Associa\u00e7\u00e3o Rural para o Desenvolvimento Regenerativo \u00e9 uma associa\u00e7\u00e3o que desenvolve e apoia projetos, em contexto rural, que viabilizem um modo de vida ecol\u00f3gico e sustent\u00e1vel dos pontos&hellip;<\/p>","protected":false},"author":2,"featured_media":0,"parent":0,"menu_order":0,"comment_status":"closed","ping_status":"closed","template":"","meta":{"footnotes":""},"class_list":["post-128","page","type-page","status-publish","hentry"],"_links":{"self":[{"href":"http:\/\/www.ruralis.org\/en\/wp-json\/wp\/v2\/pages\/128","targetHints":{"allow":["GET"]}}],"collection":[{"href":"http:\/\/www.ruralis.org\/en\/wp-json\/wp\/v2\/pages"}],"about":[{"href":"http:\/\/www.ruralis.org\/en\/wp-json\/wp\/v2\/types\/page"}],"author":[{"embeddable":true,"href":"http:\/\/www.ruralis.org\/en\/wp-json\/wp\/v2\/users\/2"}],"replies":[{"embeddable":true,"href":"http:\/\/www.ruralis.org\/en\/wp-json\/wp\/v2\/comments?post=128"}],"version-history":[{"count":0,"href":"http:\/\/www.ruralis.org\/en\/wp-json\/wp\/v2\/pages\/128\/revisions"}],"wp:attachment":[{"href":"http:\/\/www.ruralis.org\/en\/wp-json\/wp\/v2\/media?parent=128"}],"curies":[{"name":"wp","href":"https:\/\/api.w.org\/{rel}","templated":true}]}}